{"id":3704,"date":"2026-03-23T14:11:08","date_gmt":"2026-03-23T14:11:08","guid":{"rendered":"https:\/\/obdprofi.com\/cookie-policy\/"},"modified":"2026-03-23T14:11:08","modified_gmt":"2026-03-23T14:11:08","slug":"cookie-policy","status":"publish","type":"page","link":"https:\/\/obdprofi.com\/cs\/cookie-policy\/","title":{"rendered":"Z\u00e1sady pou\u017e\u00edv\u00e1n\u00ed soubor\u016f cookie"},"content":{"rendered":"<p>This page provides comprehensive information about how we use cookies on our website to enhance your browsing experience, improve website performance, and deliver personalized content. Cookies are small text files that are stored on your device when you visit our site. They help us understand how visitors interact with our website, allowing us to offer a smoother and more efficient user experience. In the table below, you will find detailed information about each type of cookie we use, their purpose, and how long they remain on your device. We are committed to respecting your privacy and providing transparency about the data we collect through cookies. For more information on how we handle your personal data, please see our <a href=\"https:\/\/obdprofi.com\/cs\/privacy-policy\/\">Privacy Policy.<\/a><\/p><div class=\"wpconsent-cookie-policy\"><h2 class=\"wpconsent-cookie-category-name\">Z\u00e1kladn\u00ed<\/h2><p class=\"wpconsent-cookie-category-description\">Z\u00e1kladn\u00ed soubory cookie umo\u017e\u0148uj\u00ed z\u00e1kladn\u00ed funkce a jsou nezbytn\u00e9 pro spr\u00e1vnou funkci webov\u00fdch str\u00e1nek.<\/p><table class=\"wpconsent-cookie-policy-table\"><tr><th>N\u00e1zev<\/th><th>Popis<\/th><th>Doba trv\u00e1n\u00ed<\/th><\/tr><tr><td>wpconsent_preferences<\/td><td>This cookie is used to store the user&#039;s cookie consent preferences.<\/td><td>30 dn\u00ed<\/td><\/tr><\/table><h3 class=\"wpconsent-cookie-service-name\">Koment\u00e1\u0159e<\/h3><p class=\"wpconsent-cookie-service-description\">Tyto soubory cookie jsou pot\u0159ebn\u00e9 pro p\u0159id\u00e1v\u00e1n\u00ed koment\u00e1\u0159\u016f na t\u011bchto webov\u00fdch str\u00e1nk\u00e1ch.<\/p><table class=\"wpconsent-cookie-policy-table\"><tr><th>N\u00e1zev<\/th><th>Popis<\/th><th>Doba trv\u00e1n\u00ed<\/th><\/tr><tr><td>comment_author<\/td><td>Slou\u017e\u00ed ke sledov\u00e1n\u00ed u\u017eivatele v r\u00e1mci v\u00edce relac\u00ed.<\/td><td>Relace<\/td><\/tr><tr><td>comment_author_email<\/td><td>Slou\u017e\u00ed ke sledov\u00e1n\u00ed u\u017eivatele v r\u00e1mci v\u00edce relac\u00ed.<\/td><td>Relace<\/td><\/tr><tr><td>comment_author_url<\/td><td>Slou\u017e\u00ed ke sledov\u00e1n\u00ed u\u017eivatele v r\u00e1mci v\u00edce relac\u00ed.<\/td><td>Relace<\/td><\/tr><\/table><h2 class=\"wpconsent-cookie-category-name\">Statistiky<\/h2><p class=\"wpconsent-cookie-category-description\">Statistick\u00e9 soubory cookie shroma\u017e\u010fuj\u00ed informace anonymn\u011b. Tyto informace n\u00e1m pom\u00e1haj\u00ed pochopit, jak n\u00e1v\u0161t\u011bvn\u00edci pou\u017e\u00edvaj\u00ed na\u0161e webov\u00e9 str\u00e1nky.<\/p><h3 class=\"wpconsent-cookie-service-name\">WooCommerce Sourcebuster<\/h3><p class=\"wpconsent-cookie-service-description\">SourceBuster pou\u017e\u00edv\u00e1 WooCommerce pro p\u0159i\u0159azov\u00e1n\u00ed objedn\u00e1vek na z\u00e1klad\u011b u\u017eivatelsk\u00e9ho zdroje.<\/p><table class=\"wpconsent-cookie-policy-table\"><tr><th>N\u00e1zev<\/th><th>Popis<\/th><th>Doba trv\u00e1n\u00ed<\/th><\/tr><tr><td>sbjs_session<\/td><td>Po\u010det zobrazen\u00ed str\u00e1nek v t\u00e9to relaci a aktu\u00e1ln\u00ed cesta ke str\u00e1nce.<\/td><td>30 minut<\/td><\/tr><tr><td>sbjs_udata<\/td><td>Informace o u\u017eivatelsk\u00e9m agentu n\u00e1v\u0161t\u011bvn\u00edka, jako je IP, prohl\u00ed\u017ee\u010d a typ za\u0159\u00edzen\u00ed.<\/td><td>relace<\/td><\/tr><tr><td>sbjs_first<\/td><td>Informace o p\u016fvodu n\u00e1v\u0161t\u011bvnosti p\u0159i prvn\u00ed n\u00e1v\u0161t\u011bv\u011b va\u0161eho obchodu (plat\u00ed pouze v p\u0159\u00edpad\u011b, \u017ee se n\u00e1v\u0161t\u011bvn\u00edk vr\u00e1t\u00ed p\u0159ed vypr\u0161en\u00edm relace).<\/td><td>relace<\/td><\/tr><tr><td>sbjs_current<\/td><td>informace o p\u016fvodu n\u00e1v\u0161t\u011bvn\u00edk\u016f p\u0159i jejich aktu\u00e1ln\u00ed n\u00e1v\u0161t\u011bv\u011b va\u0161eho obchodu.<\/td><td>relace<\/td><\/tr><tr><td>sbjs_first_add<\/td><td>\u010casov\u00e9 raz\u00edtko, odkazuj\u00edc\u00ed adresa URL a vstupn\u00ed str\u00e1nka pro prvn\u00ed n\u00e1v\u0161t\u011bvu n\u00e1v\u0161t\u011bvn\u00edka ve va\u0161em obchod\u011b (plat\u00ed pouze v p\u0159\u00edpad\u011b, \u017ee se n\u00e1v\u0161t\u011bvn\u00edk vr\u00e1t\u00ed p\u0159ed vypr\u0161en\u00edm relace).<\/td><td>relace<\/td><\/tr><tr><td>sbjs_current_add<\/td><td>\u010casov\u00e9 raz\u00edtko, odkazuj\u00edc\u00ed adresa URL a vstupn\u00ed str\u00e1nka aktu\u00e1ln\u00ed n\u00e1v\u0161t\u011bvy n\u00e1v\u0161t\u011bvn\u00edka ve va\u0161em obchod\u011b.<\/td><td>relace<\/td><\/tr><tr><td>sbjs_migrations<\/td><td>Technick\u00e9 \u00fadaje, kter\u00e9 pom\u00e1haj\u00ed p\u0159i migraci mezi r\u016fzn\u00fdmi verzemi funkce sledov\u00e1n\u00ed.<\/td><td>relace<\/td><\/tr><\/table><\/div>","protected":false},"excerpt":{"rendered":"<p>This page provides comprehensive information about how we use cookies on our website to enhance your browsing experience, improve website performance, and deliver personalized content. Cookies are small text files that are stored on your device when you visit our site. They help us understand how visitors interact with our website, allowing us to offer [&hellip;]<\/p>\n","protected":false},"author":1,"featured_media":0,"parent":0,"menu_order":0,"comment_status":"closed","ping_status":"closed","template":"","meta":{"_uag_custom_page_level_css":"","site-sidebar-layout":"default","site-content-layout":"","ast-site-content-layout":"default","site-content-style":"default","site-sidebar-style":"default","ast-global-header-display":"","ast-banner-title-visibility":"","ast-main-header-display":"","ast-hfb-above-header-display":"","ast-hfb-below-header-display":"","ast-hfb-mobile-header-display":"","site-post-title":"","ast-breadcrumbs-content":"","ast-featured-img":"","footer-sml-layout":"","ast-disable-related-posts":"","theme-transparent-header-meta":"","adv-header-id-meta":"","stick-header-meta":"","header-above-stick-meta":"","header-main-stick-meta":"","header-below-stick-meta":"","astra-migrate-meta-layouts":"default","ast-page-background-enabled":"default","ast-page-background-meta":{"desktop":{"background-color":"","background-image":"","background-repeat":"repeat","background-position":"center center","background-size":"auto","background-attachment":"scroll","background-type":"","background-media":"","overlay-type":"","overlay-color":"","overlay-opacity":"","overlay-gradient":""},"tablet":{"background-color":"","background-image":"","background-repeat":"repeat","background-position":"center center","background-size":"auto","background-attachment":"scroll","background-type":"","background-media":"","overlay-type":"","overlay-color":"","overlay-opacity":"","overlay-gradient":""},"mobile":{"background-color":"","background-image":"","background-repeat":"repeat","background-position":"center center","background-size":"auto","background-attachment":"scroll","background-type":"","background-media":"","overlay-type":"","overlay-color":"","overlay-opacity":"","overlay-gradient":""}},"ast-content-background-meta":{"desktop":{"background-color":"var(--ast-global-color-5)","background-image":"","background-repeat":"repeat","background-position":"center center","background-size":"auto","background-attachment":"scroll","background-type":"","background-media":"","overlay-type":"","overlay-color":"","overlay-opacity":"","overlay-gradient":""},"tablet":{"background-color":"var(--ast-global-color-5)","background-image":"","background-repeat":"repeat","background-position":"center center","background-size":"auto","background-attachment":"scroll","background-type":"","background-media":"","overlay-type":"","overlay-color":"","overlay-opacity":"","overlay-gradient":""},"mobile":{"background-color":"var(--ast-global-color-5)","background-image":"","background-repeat":"repeat","background-position":"center center","background-size":"auto","background-attachment":"scroll","background-type":"","background-media":"","overlay-type":"","overlay-color":"","overlay-opacity":"","overlay-gradient":""}},"footnotes":""},"class_list":["post-3704","page","type-page","status-publish","hentry"],"aioseo_notices":[],"_hostinger_reach_plugin_has_subscription_block":false,"_hostinger_reach_plugin_is_elementor":false,"uagb_featured_image_src":{"full":false,"thumbnail":false,"medium":false,"medium_large":false,"large":false,"1536x1536":false,"2048x2048":false,"trp-custom-language-flag":false,"woocommerce_thumbnail":false,"woocommerce_single":false,"woocommerce_gallery_thumbnail":false},"uagb_author_info":{"display_name":"Nick","author_link":"https:\/\/obdprofi.com\/cs\/author\/vectorsx-ecomhotmail-com\/"},"uagb_comment_info":0,"uagb_excerpt":"This page provides comprehensive information about how we use cookies on our website to enhance your browsing experience, improve website performance, and deliver personalized content. Cookies are small text files that are stored on your device when you visit our site. They help us understand how visitors interact with our website, allowing us to offer&hellip;","_links":{"self":[{"href":"https:\/\/obdprofi.com\/cs\/wp-json\/wp\/v2\/pages\/3704","targetHints":{"allow":["GET"]}}],"collection":[{"href":"https:\/\/obdprofi.com\/cs\/wp-json\/wp\/v2\/pages"}],"about":[{"href":"https:\/\/obdprofi.com\/cs\/wp-json\/wp\/v2\/types\/page"}],"author":[{"embeddable":true,"href":"https:\/\/obdprofi.com\/cs\/wp-json\/wp\/v2\/users\/1"}],"replies":[{"embeddable":true,"href":"https:\/\/obdprofi.com\/cs\/wp-json\/wp\/v2\/comments?post=3704"}],"version-history":[{"count":0,"href":"https:\/\/obdprofi.com\/cs\/wp-json\/wp\/v2\/pages\/3704\/revisions"}],"wp:attachment":[{"href":"https:\/\/obdprofi.com\/cs\/wp-json\/wp\/v2\/media?parent=3704"}],"curies":[{"name":"wp","href":"https:\/\/api.w.org\/{rel}","templated":true}]}}