{"id":3822,"date":"2026-04-23T10:58:19","date_gmt":"2026-04-23T10:58:19","guid":{"rendered":"https:\/\/obdprofi.com\/?post_type=product&#038;p=3822"},"modified":"2026-04-24T10:54:16","modified_gmt":"2026-04-24T10:54:16","slug":"auto-com-cdp-univerzalni-diagnosticky-nastroj-profesionalni-jednodeskove-rozhrani-pro-diagnostiku-autocom","status":"publish","type":"product","link":"https:\/\/obdprofi.com\/cs\/product\/auto-com-cdp-universal-diagnostic-tool-professional-single-board-interface-for-autocom-diagnostics\/","title":{"rendered":"Univerz\u00e1ln\u00ed diagnostick\u00fd n\u00e1stroj Auto com CDP+ - profesion\u00e1ln\u00ed jednodeskov\u00e9 rozhran\u00ed pro diagnostiku Autocom"},"content":{"rendered":"<p>Na str\u00e1nk\u00e1ch <strong>Univerz\u00e1ln\u00ed diagnostick\u00fd n\u00e1stroj Autocom CDP+<\/strong> je definitivn\u00ed \u0159e\u0161en\u00ed typu \"v\u0161e v jednom\" pro modern\u00ed automobilov\u00e9 d\u00edlny a st\u0159ediska \u00fadr\u017eby vozov\u00e9ho parku. Toto vysoce v\u00fdkonn\u00e9 rozhran\u00ed slou\u017e\u00ed jako sofistikovan\u00fd komunika\u010dn\u00ed most mezi slo\u017eitou elektronickou s\u00edt\u00ed vozidla a va\u0161\u00edm po\u010d\u00edta\u010dem. Obsahuje elitn\u00ed <strong>P\u0159epracovan\u00e1 jednotliv\u00e1 deska H<\/strong> Tento n\u00e1stroj je navr\u017een tak, aby poskytoval nejvy\u0161\u0161\u00ed dostupnou \u00farove\u0148 stability, rychlosti a kompatibility protokol\u016f. A\u0165 u\u017e diagnostikujete historick\u00fd sedan z 90. let nebo t\u011b\u017ek\u00fd n\u00e1kladn\u00ed automobil z roku 2021, Autocom CDP+ poskytuje profesion\u00e1ln\u00ed poznatky nap\u0159\u00ed\u010d neuv\u011b\u0159iteln\u011b \u0161irokou \u0161k\u00e1lou v\u00fdrobc\u016f.<\/p>\n<p>Tato verze Premium je vybavena vylep\u0161enou <strong>Bluetooth 4.3<\/strong> a nejnov\u011bj\u0161\u00ed modul <strong>Firmware 3201<\/strong>, co\u017e zaji\u0161\u0165uje, \u017ee hardware zvl\u00e1dne vysokorychlostn\u00ed datov\u00e9 po\u017eadavky modern\u00edch protokol\u016f CAN-BUS a UDS. Jedn\u00e1 se o profesion\u00e1ln\u00ed diagnostick\u00fd syst\u00e9m ur\u010den\u00fd k zefektivn\u011bn\u00ed provozu d\u00edlny d\u00edky podpo\u0159e vozidel r\u016fzn\u00fdch zna\u010dek s jedin\u00fdm spolehliv\u00fdm rozhran\u00edm.<\/p>\n<hr \/>\n<h3>Univerz\u00e1ln\u00ed vozidlo a ekosyst\u00e9m v\u00edce zna\u010dek<\/h3>\n<p>Autocom CDP+ je diagnostick\u00fd syst\u00e9m \u201c3 v 1\u201d, kter\u00fd integruje specializovan\u00e9 datab\u00e1ze pro osobn\u00ed automobily, t\u011b\u017ek\u00e1 u\u017eitkov\u00e1 vozidla a obecnou diagnostiku emis\u00ed.<\/p>\n<h4>\ud83d\ude97 Softwarov\u00fd modul CARS<\/h4>\n<p>Prov\u00e1d\u011bn\u00ed diagnostiky specifick\u00e9 pro zna\u010dku <strong>47 r\u016fzn\u00fdch zna\u010dek osobn\u00edch automobil\u016f<\/strong> a lehk\u00fdch dod\u00e1vek v letech 1994 a\u017e 2021. To zahrnuje pln\u00fd p\u0159\u00edstup k syst\u00e9mu evropsk\u00fdch, asijsk\u00fdch a americk\u00fdch v\u00fdrobc\u016f, co\u017e umo\u017e\u0148uje prov\u00e1d\u011bt hloubkov\u00e9 skenov\u00e1n\u00ed, na kter\u00e9 z\u00e1kladn\u00ed ru\u010dn\u00ed skenery nedos\u00e1hnou.<\/p>\n<h4>\ud83d\ude9b Softwarov\u00fd modul TRUCKS<\/h4>\n<p>Modul TRUCKS je specialista na t\u011b\u017ek\u00e1 vozidla, kter\u00fd poskytuje diagnostiku specifickou pro danou zna\u010dku. <strong>37 r\u016fzn\u00fdch zna\u010dek<\/strong> lehk\u00fdch a t\u011b\u017ek\u00fdch u\u017eitkov\u00fdch vozidel, autobus\u016f a p\u0159\u00edv\u011bs\u016f od roku 1995. Jedn\u00e1 se o nezbytn\u00fd n\u00e1stroj pro spr\u00e1vce vozov\u00fdch park\u016f, kte\u0159\u00ed pracuj\u00ed s hlavn\u00edmi sv\u011btov\u00fdmi zna\u010dkami a specializovan\u00fdmi brzdov\u00fdmi syst\u00e9my p\u0159\u00edv\u011bs\u016f (Wabco, Knorr, Haldex).<\/p>\n<h4>\ud83c\udf0d GENERICK\u00dd emisn\u00ed modul<\/h4>\n<p>Modul GENERIC je ur\u010den pro diagnostiku na z\u00e1klad\u011b pr\u00e1vn\u00edch p\u0159edpis\u016f a je zam\u011b\u0159en speci\u00e1ln\u011b na chybov\u00e9 k\u00f3dy souvisej\u00edc\u00ed s emisemi. Zaji\u0161\u0165uje plnou shodu s normami EOBD\/OBDII, tak\u017ee je ide\u00e1ln\u00edm n\u00e1strojem pro testov\u00e1n\u00ed p\u0159ed kontrolou a ov\u011b\u0159ov\u00e1n\u00ed \u00fa\u010dinnosti katalyz\u00e1toru nebo kysl\u00edkov\u00e9ho senzoru.<\/p>\n<hr \/>\n<h3>Glob\u00e1ln\u00ed jazykov\u00e1 podpora<\/h3>\n<p>Aby byla zaji\u0161t\u011bna dostupnost pro techniky po cel\u00e9m sv\u011bt\u011b, je software Autocom CDP+ pln\u011b p\u0159elo\u017een do \u010de\u0161tiny. <strong>21 hlavn\u00edch jazyk\u016f<\/strong>. D\u00edky tomu si m\u016f\u017eete p\u0159e\u010d\u00edst popisy poruch, parametry \u017eiv\u00fdch dat a technick\u00e9 pokyny ve v\u00e1mi preferovan\u00e9m jazyce, co\u017e sni\u017euje riziko chybn\u00e9 interpretace p\u0159i kritick\u00fdch oprav\u00e1ch.<\/p>\n<p><strong>Mezi podporovan\u00e9 jazyky pat\u0159\u00ed:<\/strong><br \/>\nAngli\u010dtina, \u0161pan\u011bl\u0161tina, francouz\u0161tina, ital\u0161tina, portugal\u0161tina, \u010de\u0161tina, bulhar\u0161tina, fin\u0161tina, d\u00e1n\u0161tina, n\u011bm\u010dina, ture\u010dtina, \u0159e\u010dtina, nizozem\u0161tina, ma\u010far\u0161tina, nor\u0161tina, pol\u0161tina, rumun\u0161tina, ru\u0161tina, srb\u0161tina, \u0161v\u00e9d\u0161tina a chorvat\u0161tina.<\/p>\n<hr \/>\n<h3>Profesion\u00e1ln\u00ed diagnostick\u00e9 a servisn\u00ed funkce<\/h3>\n<p>Autocom CDP+ poskytuje komplexn\u00ed sadu d\u00edlensk\u00fdch n\u00e1stroj\u016f, od jednoduch\u00fdch \u00fadr\u017ebov\u00fdch reset\u016f a\u017e po komplexn\u00ed \u00fapravy cel\u00e9ho syst\u00e9mu.<\/p>\n<h4>\ud83d\udd0d Inteligentn\u00ed skenov\u00e1n\u00ed syst\u00e9mu (ISS) a anal\u00fdza poruch<\/h4>\n<ul>\n<li><strong>Pokro\u010dil\u00e1 slu\u017eba ISS (automatick\u00e9 skenov\u00e1n\u00ed syst\u00e9mu)<\/strong>: Jednotn\u00e1 deska H je vybavena pln\u011b funk\u010dn\u00edm syst\u00e9mem ISS. Jedn\u00edm kliknut\u00edm n\u00e1stroj skenuje ka\u017edou elektronickou \u0159\u00eddic\u00ed jednotku (ECU) instalovanou ve vozidle a b\u011bhem n\u011bkolika sekund poskytne kompletn\u00ed \u201czpr\u00e1vu o stavu\u201d osobn\u00edho nebo n\u00e1kladn\u00edho vozidla.<\/li>\n<li><strong>\u010cten\u00ed a maz\u00e1n\u00ed chybov\u00fdch k\u00f3d\u016f (DTC)<\/strong>: Zobraz\u00ed k\u00f3dy s pln\u00fdm textov\u00fdm popisem. Na adrese . <strong>2021.11 software<\/strong> obsahuje roz\u0161\u00ed\u0159enou datab\u00e1zi a online podporu, kter\u00e1 v\u00e1m zajist\u00ed nejaktu\u00e1ln\u011bj\u0161\u00ed informace o oprav\u00e1ch vozidel a\u017e do roku 2023.<\/li>\n<li><strong>Z\u00e1znam dat v re\u00e1ln\u00e9m \u010dase<\/strong>: V re\u00e1ln\u00e9m \u010dase sledujte parametry motoru, \u010dasov\u00e1n\u00ed zapalov\u00e1n\u00ed, nastaven\u00ed paliva a ot\u00e1\u010dky kol ABS. Tato data m\u016f\u017eete zaznamen\u00e1vat do souboru pro offline anal\u00fdzu, co\u017e je d\u016fle\u017eit\u00e9 pro vyhled\u00e1v\u00e1n\u00ed p\u0159eru\u0161ovan\u00fdch z\u00e1vad, kter\u00e9 se objevuj\u00ed pouze za j\u00edzdy.<\/li>\n<\/ul>\n<h4>\ud83d\udee0\ufe0f Z\u00e1kladn\u00ed servis a \u00fadr\u017eba<\/h4>\n<ul>\n<li><strong>Resetov\u00e1n\u00ed servisn\u00ed kontrolky a kontroly<\/strong>: Rychle resetujte ukazatele servisn\u00edch prohl\u00eddek oleje a intervaly kontrol u cel\u00e9 \u0159ady zna\u010dek.<\/li>\n<li><strong>Elektronick\u00e1 parkovac\u00ed brzda (EPB)<\/strong>: Bezpe\u010dn\u00e9 otev\u00edr\u00e1n\u00ed a zav\u00edr\u00e1n\u00ed elektronick\u00fdch t\u0159men\u016f pro v\u00fdm\u011bnu zadn\u00edch brzdov\u00fdch desti\u010dek - povinn\u00e1 funkce pro t\u00e9m\u011b\u0159 v\u0161echna modern\u00ed vozidla.<\/li>\n<li><strong>Servis DPF a AdBlue<\/strong>: Prove\u010fte nucenou regeneraci filtru pevn\u00fdch \u010d\u00e1stic (DPF) a vynulujte po\u010d\u00edtadla AdBlue\/SCR, abyste zru\u0161ili odpo\u010d\u00edt\u00e1v\u00e1n\u00ed \u201cNo Start\u201d a obnovili v\u00fdkon motoru.<\/li>\n<li><strong>Diagnostika ABS a SRS (airbag\u016f)<\/strong>: P\u0159\u00edstup k z\u00e1vad\u00e1m bezpe\u010dnostn\u00edho syst\u00e9mu a jejich odstra\u0148ov\u00e1n\u00ed, prov\u00e1d\u011bn\u00ed kalibrace sn\u00edma\u010d\u016f a ov\u011b\u0159ov\u00e1n\u00ed integrity bezpe\u010dnostn\u00ed s\u00edt\u011b vozidla.<\/li>\n<\/ul>\n<h4>\u2699\ufe0f Pokro\u010dil\u00e1 konfigurace a k\u00f3dov\u00e1n\u00ed<\/h4>\n<ul>\n<li><strong>\u00dapravy sou\u010d\u00e1st\u00ed<\/strong>: Po v\u00fdm\u011bn\u011b d\u00edl\u016f prove\u010fte se\u0159\u00edzen\u00ed \u0161krtic\u00ed klapky, kalibraci sn\u00edma\u010de \u00fahlu \u0159\u00edzen\u00ed a \u00fapravu EGR ventilu.<\/li>\n<li><strong>K\u00f3dov\u00e1n\u00ed vst\u0159ikova\u010d\u016f<\/strong>: Naprogramujte nov\u00e9 k\u00f3dy vst\u0159ikova\u010d\u016f do \u0159\u00eddic\u00ed jednotky, abyste zajistili plynul\u00fd volnob\u011bh a optim\u00e1ln\u00ed \u00fa\u010dinnost paliva.<\/li>\n<li><strong>Konfigurace syst\u00e9mu<\/strong>: P\u0159\u00edstup k z\u00e1kladn\u00edm funkc\u00edm imobiliz\u00e9ru a synchronizaci d\u00e1lkov\u00e9ho kl\u00ed\u010de pro \u0161irokou \u0161k\u00e1lu podporovan\u00fdch model\u016f.<\/li>\n<\/ul>\n<hr \/>\n<h3>Kvalita hardwaru: V\u00fdhoda \u201cjedn\u00e9 desky H\u201d<\/h3>\n<p>Na str\u00e1nk\u00e1ch <strong>Jednotliv\u00e9 desky H<\/strong> p\u0159edstavuje vrchol v\u00fdvoje tohoto hardwaru. Byl pe\u010dliv\u011b p\u0159epracov\u00e1n s c\u00edlem vy\u0159e\u0161it b\u011b\u017en\u00e9 probl\u00e9my s p\u0159ipojen\u00edm a stabilitou, kter\u00e9 se objevuj\u00ed u verz\u00ed ni\u017e\u0161\u00ed t\u0159\u00eddy.<\/p>\n<ul>\n<li><strong>Aktualizovan\u00e9 rozhran\u00ed Bluetooth 4.3<\/strong>: Poskytuje spolehliv\u00e9 bezdr\u00e1tov\u00e9 p\u0159ipojen\u00ed s dosahem a\u017e 10 metr\u016f. Technici se tak mohou voln\u011b pohybovat po d\u00edln\u011b, zat\u00edmco notebook z\u016fst\u00e1v\u00e1 na bezpe\u010dn\u00e9m m\u00edst\u011b.<\/li>\n<li><strong>Firmware 3201 a vysokorychlostn\u00ed multiplexor<\/strong>: Hardware automaticky p\u0159ep\u00edn\u00e1 mezi komunika\u010dn\u00edmi protokoly, v\u010detn\u011b <strong>Dvouvodi\u010dov\u00fd CAN (ISO 11898-2), jednovodi\u010dov\u00fd CAN (SAE J2411), K\/L Line (ISO 9141-2), VPW\/PWM (J1850) a RS485 (J1708).<\/strong>.<\/li>\n<li><strong>P\u0159epracovan\u00e1 architektura PCB<\/strong>: Obsahuje vysoce kvalitn\u00ed komponenty a modernizovan\u00e9 \u010dipov\u00e9 sady, kter\u00e9 zaji\u0161\u0165uj\u00ed stabilitu rozhran\u00ed p\u0159i dlouh\u00fdch diagnostick\u00fdch relac\u00edch nebo vysokorychlostn\u00edm z\u00e1znamu dat.<\/li>\n<\/ul>\n<hr \/>\n<h3>\u0158e\u0161en\u00ed b\u011b\u017en\u00fdch probl\u00e9m\u016f v d\u00edln\u011b<\/h3>\n<p>Autocom CDP+ je v\u0161estrann\u00fd n\u00e1stroj, kter\u00fd v\u00e1m pom\u016f\u017ee vy\u0159e\u0161it ty nejhor\u0161\u00ed p\u0159ek\u00e1\u017eky v automobilov\u00e9m pr\u016fmyslu:<\/p>\n<ul>\n<li><strong>\u201cDiagnostika \u201dCheck Engine\"<\/strong>: Rychle ur\u010dete, zda je z\u00e1vada zp\u016fsobena pouh\u00fdm uvoln\u011bn\u00fdm \u010didlem nebo kritickou mechanickou poruchou, ne\u017e za\u010dnete s n\u00e1kladn\u00fdmi demont\u00e1\u017eemi.<\/li>\n<li><strong>Prostoje vozov\u00e9ho parku<\/strong>: Diagnostikujte slo\u017eit\u00e9 vzduchov\u00e9 brzdov\u00e9 syst\u00e9my, z\u00e1vady p\u0159evodovek a probl\u00e9my s vy\u0159azen\u00edm motoru u t\u011b\u017ek\u00fdch n\u00e1kladn\u00edch vozidel, abyste je rychleji vr\u00e1tili na silnice.<\/li>\n<li><strong>P\u0159eru\u0161ovan\u00e9 elektrick\u00e9 poruchy<\/strong>: Pomoc\u00ed funkce \u017eiv\u00e9ho z\u00e1znamu dat m\u016f\u017eete sledovat chov\u00e1n\u00ed sn\u00edma\u010de v pr\u016fb\u011bhu \u010dasu, co\u017e v\u00e1m pom\u016f\u017ee zachytit z\u00e1vady, kter\u00e9 nevyvolaj\u00ed trval\u00fd k\u00f3d.<\/li>\n<li><strong>Kontroly p\u0159ed n\u00e1kupem<\/strong>: U ojet\u00fdch vozidel prove\u010fte \u00faplnou kontrolu syst\u00e9mu, abyste odhalili skryt\u00e9 historie z\u00e1vad nebo ned\u00e1vno vymazan\u00e9 k\u00f3dy, kter\u00e9 mohou nazna\u010dovat skryt\u00e9 probl\u00e9my.<\/li>\n<li><strong>Dodr\u017eov\u00e1n\u00ed emisn\u00edch p\u0159edpis\u016f<\/strong>: Pomoc\u00ed modulu GENERIC m\u016f\u017eete ov\u011b\u0159it, zda jsou monitory vozidla \u201cp\u0159ipraveny\u201d a zda vozidlo projde m\u00edstn\u00edmi emisn\u00edmi a smogov\u00fdmi zkou\u0161kami.<\/li>\n<\/ul>\n<hr \/>\n<h3>Softwarov\u00e9 a technick\u00e9 po\u017eadavky<\/h3>\n<p>Sou\u010d\u00e1st\u00ed je <strong>2021.11 software<\/strong> je dosud nejsvi\u017en\u011bj\u0161\u00ed a nejstabiln\u011bj\u0161\u00ed verze, kter\u00e1 m\u00e1 rychlej\u0161\u00ed rozhran\u00ed a v\u00fdrazn\u011b roz\u0161\u00ed\u0159enou datab\u00e1zi vozidel.<\/p>\n<ul>\n<li><strong>Nez\u00e1visl\u00e1 aktivace<\/strong>: Software obsahuje aktiva\u010dn\u00ed n\u00e1stroj, kter\u00fd umo\u017e\u0148uje nastavit program na v\u00edce po\u010d\u00edta\u010d\u00edch podle pot\u0159eby d\u00edlny.<\/li>\n<li><strong>Kompatibilita opera\u010dn\u00edho syst\u00e9mu<\/strong>: Optimalizov\u00e1no pro <strong>Windows XP, Windows 7 (32bitov\u00fd), Windows 10 a Windows 11<\/strong>. Podporuje 64bitov\u00e9 syst\u00e9my, ale pro nejstabiln\u011bj\u0161\u00ed v\u00fdkon ovlada\u010de se \u010dasto doporu\u010duje 32bitov\u00e9 prost\u0159ed\u00ed.<\/li>\n<li><strong>Pou\u017e\u00edv\u00e1n\u00ed internetu<\/strong>: Vy <strong>nemus\u00edte se odpojovat od internetu.<\/strong> p\u0159i pou\u017e\u00edv\u00e1n\u00ed tohoto programu, co\u017e umo\u017e\u0148uje plynulej\u0161\u00ed pr\u00e1ci.<\/li>\n<li><strong>Tip pro instalaci<\/strong>: P\u0159i prvn\u00edm spu\u0161t\u011bn\u00ed softwaru nebo p\u0159i aktualizaci firmwaru rozhran\u00ed v\u017edy pou\u017eijte \u201cSpustit jako spr\u00e1vce\u201d, abyste zajistili spr\u00e1vn\u00e9 namapov\u00e1n\u00ed v\u0161ech ovlada\u010d\u016f.<\/li>\n<\/ul>\n<p>&nbsp;<\/p>\n<div style=\", roboto, arial, helvetica, sans-serif, simsun;font-size: 14px; font-weight: 400; letter-spacing: normal; text-align: start; white-space: normal; margin: 0px; padding: 0px;\" align=\"start\"><\/div>","protected":false},"excerpt":{"rendered":"<p>Na str\u00e1nk\u00e1ch <strong>Univerz\u00e1ln\u00ed diagnostick\u00fd n\u00e1stroj Autocom CDP+ (Single Board H)<\/strong> je nejlep\u0161\u00ed investic\u00ed pro ka\u017ed\u00e9ho profesion\u00e1ln\u00edho mechanika, majitele d\u00edlny nebo spr\u00e1vce vozov\u00e9ho parku r\u016fzn\u00fdch zna\u010dek. D\u00edky tomu, \u017ee poskytuje <strong>komplexn\u00ed diagnostika osobn\u00edch i n\u00e1kladn\u00edch automobil\u016f<\/strong> v jedin\u00e9m robustn\u00edm rozhran\u00ed, a t\u00edm eliminuje pot\u0159ebu pou\u017e\u00edvat v\u00edce drah\u00fdch skener\u016f. Toto rozhran\u00ed poskytuje spolehlivost, rychlost a hloubku diagnostiky pot\u0159ebnou pro zvl\u00e1dnut\u00ed modern\u00edch oprav automobil\u016f - od jednoduch\u00e9ho resetov\u00e1n\u00ed oleje a\u017e po komplexn\u00ed skenov\u00e1n\u00ed cel\u00e9ho syst\u00e9mu a \u00fapravy komponent.<\/p>","protected":false},"featured_media":3851,"comment_status":"open","ping_status":"closed","template":"","meta":{"_uag_custom_page_level_css":"","site-sidebar-layout":"default","site-content-layout":"","ast-site-content-layout":"default","site-content-style":"default","site-sidebar-style":"default","ast-global-header-display":"","ast-banner-title-visibility":"","ast-main-header-display":"","ast-hfb-above-header-display":"","ast-hfb-below-header-display":"","ast-hfb-mobile-header-display":"","site-post-title":"","ast-breadcrumbs-content":"","ast-featured-img":"","footer-sml-layout":"","ast-disable-related-posts":"","theme-transparent-header-meta":"default","adv-header-id-meta":"","stick-header-meta":"","header-above-stick-meta":"","header-main-stick-meta":"","header-below-stick-meta":"","astra-migrate-meta-layouts":"set","ast-page-background-enabled":"default","ast-page-background-meta":{"desktop":{"background-color":"","background-image":"","background-repeat":"repeat","background-position":"center center","background-size":"auto","background-attachment":"scroll","background-type":"","background-media":"","overlay-type":"","overlay-color":"","overlay-opacity":"","overlay-gradient":""},"tablet":{"background-color":"","background-image":"","background-repeat":"repeat","background-position":"center center","background-size":"auto","background-attachment":"scroll","background-type":"","background-media":"","overlay-type":"","overlay-color":"","overlay-opacity":"","overlay-gradient":""},"mobile":{"background-color":"","background-image":"","background-repeat":"repeat","background-position":"center center","background-size":"auto","background-attachment":"scroll","background-type":"","background-media":"","overlay-type":"","overlay-color":"","overlay-opacity":"","overlay-gradient":""}},"ast-content-background-meta":{"desktop":{"background-color":"var(--ast-global-color-5)","background-image":"","background-repeat":"repeat","background-position":"center center","background-size":"auto","background-attachment":"scroll","background-type":"","background-media":"","overlay-type":"","overlay-color":"","overlay-opacity":"","overlay-gradient":""},"tablet":{"background-color":"var(--ast-global-color-5)","background-image":"","background-repeat":"repeat","background-position":"center center","background-size":"auto","background-attachment":"scroll","background-type":"","background-media":"","overlay-type":"","overlay-color":"","overlay-opacity":"","overlay-gradient":""},"mobile":{"background-color":"var(--ast-global-color-5)","background-image":"","background-repeat":"repeat","background-position":"center center","background-size":"auto","background-attachment":"scroll","background-type":"","background-media":"","overlay-type":"","overlay-color":"","overlay-opacity":"","overlay-gradient":""}}},"product_brand":[],"product_cat":[21],"product_tag":[],"class_list":{"0":"post-3822","1":"product","2":"type-product","3":"status-publish","4":"has-post-thumbnail","6":"product_cat-diagnostic-tools","7":"desktop-align-left","8":"tablet-align-center","9":"mobile-align-center","10":"ast-product-gallery-layout-horizontal","11":"ast-magnify-disabled","12":"ast-product-tabs-layout-horizontal","13":"ast-qv-on-image","15":"first","16":"instock","17":"shipping-taxable","18":"purchasable","19":"product-type-simple"},"aioseo_notices":[],"uagb_featured_image_src":{"full":["https:\/\/obdprofi.com\/wp-content\/uploads\/2026\/04\/Diag-Main-Photo.png",1080,1080,false],"thumbnail":["https:\/\/obdprofi.com\/wp-content\/uploads\/2026\/04\/Diag-Main-Photo-150x150.png",150,150,true],"medium":["https:\/\/obdprofi.com\/wp-content\/uploads\/2026\/04\/Diag-Main-Photo-300x300.png",300,300,true],"medium_large":["https:\/\/obdprofi.com\/wp-content\/uploads\/2026\/04\/Diag-Main-Photo-768x768.png",768,768,true],"large":["https:\/\/obdprofi.com\/wp-content\/uploads\/2026\/04\/Diag-Main-Photo-1024x1024.png",1024,1024,true],"1536x1536":["https:\/\/obdprofi.com\/wp-content\/uploads\/2026\/04\/Diag-Main-Photo.png",1080,1080,false],"2048x2048":["https:\/\/obdprofi.com\/wp-content\/uploads\/2026\/04\/Diag-Main-Photo.png",1080,1080,false],"trp-custom-language-flag":["https:\/\/obdprofi.com\/wp-content\/uploads\/2026\/04\/Diag-Main-Photo-12x12.png",12,12,true],"woocommerce_thumbnail":["https:\/\/obdprofi.com\/wp-content\/uploads\/2026\/04\/Diag-Main-Photo-300x300.png",300,300,true],"woocommerce_single":["https:\/\/obdprofi.com\/wp-content\/uploads\/2026\/04\/Diag-Main-Photo-600x600.png",600,600,true],"woocommerce_gallery_thumbnail":["https:\/\/obdprofi.com\/wp-content\/uploads\/2026\/04\/Diag-Main-Photo-100x100.png",100,100,true]},"uagb_author_info":{"display_name":"Nick","author_link":"https:\/\/obdprofi.com\/cs\/author\/"},"uagb_comment_info":0,"uagb_excerpt":"The Autocom CDP+ Universal Diagnostic Tool (Single Board H) is the ultimate investment for any professional mechanic, workshop owner, or multi-brand fleet manager. By providing comprehensive diagnostics for both cars and trucks in a single, rugged interface, it eliminates the need for multiple expensive scanners. From simple oil resets to complex system-wide scans and component&hellip;","_links":{"self":[{"href":"https:\/\/obdprofi.com\/cs\/wp-json\/wp\/v2\/product\/3822","targetHints":{"allow":["GET"]}}],"collection":[{"href":"https:\/\/obdprofi.com\/cs\/wp-json\/wp\/v2\/product"}],"about":[{"href":"https:\/\/obdprofi.com\/cs\/wp-json\/wp\/v2\/types\/product"}],"replies":[{"embeddable":true,"href":"https:\/\/obdprofi.com\/cs\/wp-json\/wp\/v2\/comments?post=3822"}],"wp:featuredmedia":[{"embeddable":true,"href":"https:\/\/obdprofi.com\/cs\/wp-json\/wp\/v2\/media\/3851"}],"wp:attachment":[{"href":"https:\/\/obdprofi.com\/cs\/wp-json\/wp\/v2\/media?parent=3822"}],"wp:term":[{"taxonomy":"product_brand","embeddable":true,"href":"https:\/\/obdprofi.com\/cs\/wp-json\/wp\/v2\/product_brand?post=3822"},{"taxonomy":"product_cat","embeddable":true,"href":"https:\/\/obdprofi.com\/cs\/wp-json\/wp\/v2\/product_cat?post=3822"},{"taxonomy":"product_tag","embeddable":true,"href":"https:\/\/obdprofi.com\/cs\/wp-json\/wp\/v2\/product_tag?post=3822"}],"curies":[{"name":"wp","href":"https:\/\/api.w.org\/{rel}","templated":true}]}}