{"id":3704,"date":"2026-03-23T14:11:08","date_gmt":"2026-03-23T14:11:08","guid":{"rendered":"https:\/\/obdprofi.com\/cookie-policy\/"},"modified":"2026-03-23T14:11:08","modified_gmt":"2026-03-23T14:11:08","slug":"cookie-policy","status":"publish","type":"page","link":"https:\/\/obdprofi.com\/de\/cookie-policy\/","title":{"rendered":"Cookie-Richtlinie"},"content":{"rendered":"<p>This page provides comprehensive information about how we use cookies on our website to enhance your browsing experience, improve website performance, and deliver personalized content. Cookies are small text files that are stored on your device when you visit our site. They help us understand how visitors interact with our website, allowing us to offer a smoother and more efficient user experience. In the table below, you will find detailed information about each type of cookie we use, their purpose, and how long they remain on your device. We are committed to respecting your privacy and providing transparency about the data we collect through cookies. For more information on how we handle your personal data, please see our <a href=\"https:\/\/obdprofi.com\/de\/privacy-policy\/\">Privacy Policy.<\/a><\/p><div class=\"wpconsent-cookie-policy\"><h2 class=\"wpconsent-cookie-category-name\">Wesentlich<\/h2><p class=\"wpconsent-cookie-category-description\">Wesentliche Cookies erm\u00f6glichen grundlegende Funktionen und sind f\u00fcr das ordnungsgem\u00e4\u00dfe Funktionieren der Website erforderlich.<\/p><table class=\"wpconsent-cookie-policy-table\"><tr><th>Name<\/th><th>Beschreibung<\/th><th>Dauer<\/th><\/tr><tr><td>wpconsent_preferences<\/td><td>This cookie is used to store the user&#039;s cookie consent preferences.<\/td><td>30 Tage<\/td><\/tr><\/table><h3 class=\"wpconsent-cookie-service-name\">Kommentare<\/h3><p class=\"wpconsent-cookie-service-description\">Diese Cookies werden f\u00fcr das Hinzuf\u00fcgen von Kommentaren auf dieser Website ben\u00f6tigt.<\/p><table class=\"wpconsent-cookie-policy-table\"><tr><th>Name<\/th><th>Beschreibung<\/th><th>Dauer<\/th><\/tr><tr><td>Kommentar_Autor<\/td><td>Wird verwendet, um den Benutzer \u00fcber mehrere Sitzungen hinweg zu verfolgen.<\/td><td>Sitzung<\/td><\/tr><tr><td>kommentar_autor_email<\/td><td>Wird verwendet, um den Benutzer \u00fcber mehrere Sitzungen hinweg zu verfolgen.<\/td><td>Sitzung<\/td><\/tr><tr><td>kommentar_autor_url<\/td><td>Wird verwendet, um den Benutzer \u00fcber mehrere Sitzungen hinweg zu verfolgen.<\/td><td>Sitzung<\/td><\/tr><\/table><h2 class=\"wpconsent-cookie-category-name\">Statistik<\/h2><p class=\"wpconsent-cookie-category-description\">Statistik-Cookies sammeln Informationen in anonymer Form. Diese Informationen helfen uns zu verstehen, wie Besucher unsere Website nutzen.<\/p><h3 class=\"wpconsent-cookie-service-name\">WooCommerce Sourcebuster<\/h3><p class=\"wpconsent-cookie-service-description\">SourceBuster wird von WooCommerce f\u00fcr die Zuordnung von Bestellungen auf Basis der Benutzerquelle verwendet.<\/p><table class=\"wpconsent-cookie-policy-table\"><tr><th>Name<\/th><th>Beschreibung<\/th><th>Dauer<\/th><\/tr><tr><td>sbjs_session<\/td><td>Die Anzahl der Seitenaufrufe in dieser Sitzung und der aktuelle Seitenpfad<\/td><td>30 Minuten<\/td><\/tr><tr><td>sbjs_udata<\/td><td>Informationen \u00fcber den Benutzer-Agenten des Besuchers, wie z. B. IP, den Browser und den Ger\u00e4tetyp<\/td><td>Sitzung<\/td><\/tr><tr><td>sbjs_erste<\/td><td>Informationen \u00fcber den Ursprung des Verkehrs beim ersten Besuch des Besuchers in Ihrem Gesch\u00e4ft (nur, wenn der Besucher vor Ablauf der Sitzung zur\u00fcckkehrt)<\/td><td>Sitzung<\/td><\/tr><tr><td>sbjs_aktuell<\/td><td>Informationen \u00fcber die Herkunft des Verkehrs f\u00fcr den aktuellen Besuch des Besuchers in Ihrem Gesch\u00e4ft<\/td><td>Sitzung<\/td><\/tr><tr><td>sbjs_first_add<\/td><td>Zeitstempel, verweisende URL und Einstiegsseite f\u00fcr den ersten Besuch Ihres Besuchers in Ihrem Shop (nur anwendbar, wenn der Besucher zur\u00fcckkehrt, bevor die Sitzung abl\u00e4uft)<\/td><td>Sitzung<\/td><\/tr><tr><td>sbjs_current_add<\/td><td>Zeitstempel, verweisende URL und Einstiegsseite f\u00fcr den aktuellen Besuch Ihres Besuchers in Ihrem Shop<\/td><td>Sitzung<\/td><\/tr><tr><td>sbjs_migrationen<\/td><td>Technische Daten zur Unterst\u00fctzung bei der Migration zwischen verschiedenen Versionen der Tracking-Funktion<\/td><td>Sitzung<\/td><\/tr><\/table><\/div>","protected":false},"excerpt":{"rendered":"<p>This page provides comprehensive information about how we use cookies on our website to enhance your browsing experience, improve website performance, and deliver personalized content. Cookies are small text files that are stored on your device when you visit our site. They help us understand how visitors interact with our website, allowing us to offer [&hellip;]<\/p>\n","protected":false},"author":1,"featured_media":0,"parent":0,"menu_order":0,"comment_status":"closed","ping_status":"closed","template":"","meta":{"_uag_custom_page_level_css":"","site-sidebar-layout":"default","site-content-layout":"","ast-site-content-layout":"default","site-content-style":"default","site-sidebar-style":"default","ast-global-header-display":"","ast-banner-title-visibility":"","ast-main-header-display":"","ast-hfb-above-header-display":"","ast-hfb-below-header-display":"","ast-hfb-mobile-header-display":"","site-post-title":"","ast-breadcrumbs-content":"","ast-featured-img":"","footer-sml-layout":"","ast-disable-related-posts":"","theme-transparent-header-meta":"","adv-header-id-meta":"","stick-header-meta":"","header-above-stick-meta":"","header-main-stick-meta":"","header-below-stick-meta":"","astra-migrate-meta-layouts":"default","ast-page-background-enabled":"default","ast-page-background-meta":{"desktop":{"background-color":"","background-image":"","background-repeat":"repeat","background-position":"center center","background-size":"auto","background-attachment":"scroll","background-type":"","background-media":"","overlay-type":"","overlay-color":"","overlay-opacity":"","overlay-gradient":""},"tablet":{"background-color":"","background-image":"","background-repeat":"repeat","background-position":"center center","background-size":"auto","background-attachment":"scroll","background-type":"","background-media":"","overlay-type":"","overlay-color":"","overlay-opacity":"","overlay-gradient":""},"mobile":{"background-color":"","background-image":"","background-repeat":"repeat","background-position":"center center","background-size":"auto","background-attachment":"scroll","background-type":"","background-media":"","overlay-type":"","overlay-color":"","overlay-opacity":"","overlay-gradient":""}},"ast-content-background-meta":{"desktop":{"background-color":"var(--ast-global-color-5)","background-image":"","background-repeat":"repeat","background-position":"center center","background-size":"auto","background-attachment":"scroll","background-type":"","background-media":"","overlay-type":"","overlay-color":"","overlay-opacity":"","overlay-gradient":""},"tablet":{"background-color":"var(--ast-global-color-5)","background-image":"","background-repeat":"repeat","background-position":"center center","background-size":"auto","background-attachment":"scroll","background-type":"","background-media":"","overlay-type":"","overlay-color":"","overlay-opacity":"","overlay-gradient":""},"mobile":{"background-color":"var(--ast-global-color-5)","background-image":"","background-repeat":"repeat","background-position":"center center","background-size":"auto","background-attachment":"scroll","background-type":"","background-media":"","overlay-type":"","overlay-color":"","overlay-opacity":"","overlay-gradient":""}},"footnotes":""},"class_list":["post-3704","page","type-page","status-publish","hentry"],"aioseo_notices":[],"_hostinger_reach_plugin_has_subscription_block":false,"_hostinger_reach_plugin_is_elementor":false,"uagb_featured_image_src":{"full":false,"thumbnail":false,"medium":false,"medium_large":false,"large":false,"1536x1536":false,"2048x2048":false,"trp-custom-language-flag":false,"woocommerce_thumbnail":false,"woocommerce_single":false,"woocommerce_gallery_thumbnail":false},"uagb_author_info":{"display_name":"Nick","author_link":"https:\/\/obdprofi.com\/de\/author\/vectorsx-ecomhotmail-com\/"},"uagb_comment_info":0,"uagb_excerpt":"This page provides comprehensive information about how we use cookies on our website to enhance your browsing experience, improve website performance, and deliver personalized content. Cookies are small text files that are stored on your device when you visit our site. They help us understand how visitors interact with our website, allowing us to offer&hellip;","_links":{"self":[{"href":"https:\/\/obdprofi.com\/de\/wp-json\/wp\/v2\/pages\/3704","targetHints":{"allow":["GET"]}}],"collection":[{"href":"https:\/\/obdprofi.com\/de\/wp-json\/wp\/v2\/pages"}],"about":[{"href":"https:\/\/obdprofi.com\/de\/wp-json\/wp\/v2\/types\/page"}],"author":[{"embeddable":true,"href":"https:\/\/obdprofi.com\/de\/wp-json\/wp\/v2\/users\/1"}],"replies":[{"embeddable":true,"href":"https:\/\/obdprofi.com\/de\/wp-json\/wp\/v2\/comments?post=3704"}],"version-history":[{"count":0,"href":"https:\/\/obdprofi.com\/de\/wp-json\/wp\/v2\/pages\/3704\/revisions"}],"wp:attachment":[{"href":"https:\/\/obdprofi.com\/de\/wp-json\/wp\/v2\/media?parent=3704"}],"curies":[{"name":"wp","href":"https:\/\/api.w.org\/{rel}","templated":true}]}}