{"id":3704,"date":"2026-03-23T14:11:08","date_gmt":"2026-03-23T14:11:08","guid":{"rendered":"https:\/\/obdprofi.com\/cookie-policy\/"},"modified":"2026-03-23T14:11:08","modified_gmt":"2026-03-23T14:11:08","slug":"cookie-policy","status":"publish","type":"page","link":"https:\/\/obdprofi.com\/es\/cookie-policy\/","title":{"rendered":"Pol\u00edtica de cookies"},"content":{"rendered":"<p>This page provides comprehensive information about how we use cookies on our website to enhance your browsing experience, improve website performance, and deliver personalized content. Cookies are small text files that are stored on your device when you visit our site. They help us understand how visitors interact with our website, allowing us to offer a smoother and more efficient user experience. In the table below, you will find detailed information about each type of cookie we use, their purpose, and how long they remain on your device. We are committed to respecting your privacy and providing transparency about the data we collect through cookies. For more information on how we handle your personal data, please see our <a href=\"https:\/\/obdprofi.com\/es\/privacy-policy\/\">Privacy Policy.<\/a><\/p><div class=\"wpconsent-cookie-policy\"><h2 class=\"wpconsent-cookie-category-name\">Esencial<\/h2><p class=\"wpconsent-cookie-category-description\">Las cookies esenciales permiten funciones b\u00e1sicas y son necesarias para el correcto funcionamiento del sitio web.<\/p><table class=\"wpconsent-cookie-policy-table\"><tr><th>Nombre<\/th><th>Descripci\u00f3n<\/th><th>Duraci\u00f3n<\/th><\/tr><tr><td>wpconsent_preferences<\/td><td>This cookie is used to store the user&#039;s cookie consent preferences.<\/td><td>30 d\u00edas<\/td><\/tr><\/table><h3 class=\"wpconsent-cookie-service-name\">Comentarios<\/h3><p class=\"wpconsent-cookie-service-description\">Estas cookies son necesarias para a\u00f1adir comentarios en este sitio web.<\/p><table class=\"wpconsent-cookie-policy-table\"><tr><th>Nombre<\/th><th>Descripci\u00f3n<\/th><th>Duraci\u00f3n<\/th><\/tr><tr><td>autor_comentario<\/td><td>Se utiliza para realizar un seguimiento del usuario a lo largo de varias sesiones.<\/td><td>Sesi\u00f3n<\/td><\/tr><tr><td>comment_author_email<\/td><td>Se utiliza para realizar un seguimiento del usuario a lo largo de varias sesiones.<\/td><td>Sesi\u00f3n<\/td><\/tr><tr><td>comment_author_url<\/td><td>Se utiliza para realizar un seguimiento del usuario a lo largo de varias sesiones.<\/td><td>Sesi\u00f3n<\/td><\/tr><\/table><h2 class=\"wpconsent-cookie-category-name\">Estad\u00edsticas<\/h2><p class=\"wpconsent-cookie-category-description\">Las cookies estad\u00edsticas recopilan informaci\u00f3n de forma an\u00f3nima. Esta informaci\u00f3n nos ayuda a comprender c\u00f3mo utilizan los visitantes nuestro sitio web.<\/p><h3 class=\"wpconsent-cookie-service-name\">WooCommerce Sourcebuster<\/h3><p class=\"wpconsent-cookie-service-description\">SourceBuster es usado por WooCommerce para la atribuci\u00f3n de pedidos basada en la fuente del usuario.<\/p><table class=\"wpconsent-cookie-policy-table\"><tr><th>Nombre<\/th><th>Descripci\u00f3n<\/th><th>Duraci\u00f3n<\/th><\/tr><tr><td>sbjs_session<\/td><td>El n\u00famero de p\u00e1ginas vistas en esta sesi\u00f3n y la ruta de la p\u00e1gina actual<\/td><td>30 minutos<\/td><\/tr><tr><td>sbjs_udata<\/td><td>Informaci\u00f3n sobre el agente de usuario del visitante, como la IP, el navegador y el tipo de dispositivo<\/td><td>sesi\u00f3n<\/td><\/tr><tr><td>sbjs_first<\/td><td>Informaci\u00f3n sobre el origen del tr\u00e1fico de la primera visita del visitante a su tienda (s\u00f3lo aplicable si el visitante vuelve antes de que caduque la sesi\u00f3n)<\/td><td>sesi\u00f3n<\/td><\/tr><tr><td>sbjs_actual<\/td><td>Informaci\u00f3n sobre el origen del tr\u00e1fico de la visita actual del visitante a su tienda<\/td><td>sesi\u00f3n<\/td><\/tr><tr><td>sbjs_first_add<\/td><td>Marca de tiempo, URL de referencia y p\u00e1gina de entrada de la primera visita del visitante a su tienda (s\u00f3lo aplicable si el visitante vuelve antes de que caduque la sesi\u00f3n).<\/td><td>sesi\u00f3n<\/td><\/tr><tr><td>sbjs_current_add<\/td><td>Marca de tiempo, URL de referencia y p\u00e1gina de entrada de la visita actual del visitante a su tienda<\/td><td>sesi\u00f3n<\/td><\/tr><tr><td>sbjs_migrations<\/td><td>Datos t\u00e9cnicos para facilitar las migraciones entre distintas versiones de la funci\u00f3n de seguimiento<\/td><td>sesi\u00f3n<\/td><\/tr><\/table><\/div>","protected":false},"excerpt":{"rendered":"<p>This page provides comprehensive information about how we use cookies on our website to enhance your browsing experience, improve website performance, and deliver personalized content. Cookies are small text files that are stored on your device when you visit our site. They help us understand how visitors interact with our website, allowing us to offer [&hellip;]<\/p>\n","protected":false},"author":1,"featured_media":0,"parent":0,"menu_order":0,"comment_status":"closed","ping_status":"closed","template":"","meta":{"_uag_custom_page_level_css":"","site-sidebar-layout":"default","site-content-layout":"","ast-site-content-layout":"default","site-content-style":"default","site-sidebar-style":"default","ast-global-header-display":"","ast-banner-title-visibility":"","ast-main-header-display":"","ast-hfb-above-header-display":"","ast-hfb-below-header-display":"","ast-hfb-mobile-header-display":"","site-post-title":"","ast-breadcrumbs-content":"","ast-featured-img":"","footer-sml-layout":"","ast-disable-related-posts":"","theme-transparent-header-meta":"","adv-header-id-meta":"","stick-header-meta":"","header-above-stick-meta":"","header-main-stick-meta":"","header-below-stick-meta":"","astra-migrate-meta-layouts":"default","ast-page-background-enabled":"default","ast-page-background-meta":{"desktop":{"background-color":"","background-image":"","background-repeat":"repeat","background-position":"center center","background-size":"auto","background-attachment":"scroll","background-type":"","background-media":"","overlay-type":"","overlay-color":"","overlay-opacity":"","overlay-gradient":""},"tablet":{"background-color":"","background-image":"","background-repeat":"repeat","background-position":"center center","background-size":"auto","background-attachment":"scroll","background-type":"","background-media":"","overlay-type":"","overlay-color":"","overlay-opacity":"","overlay-gradient":""},"mobile":{"background-color":"","background-image":"","background-repeat":"repeat","background-position":"center center","background-size":"auto","background-attachment":"scroll","background-type":"","background-media":"","overlay-type":"","overlay-color":"","overlay-opacity":"","overlay-gradient":""}},"ast-content-background-meta":{"desktop":{"background-color":"var(--ast-global-color-5)","background-image":"","background-repeat":"repeat","background-position":"center center","background-size":"auto","background-attachment":"scroll","background-type":"","background-media":"","overlay-type":"","overlay-color":"","overlay-opacity":"","overlay-gradient":""},"tablet":{"background-color":"var(--ast-global-color-5)","background-image":"","background-repeat":"repeat","background-position":"center center","background-size":"auto","background-attachment":"scroll","background-type":"","background-media":"","overlay-type":"","overlay-color":"","overlay-opacity":"","overlay-gradient":""},"mobile":{"background-color":"var(--ast-global-color-5)","background-image":"","background-repeat":"repeat","background-position":"center center","background-size":"auto","background-attachment":"scroll","background-type":"","background-media":"","overlay-type":"","overlay-color":"","overlay-opacity":"","overlay-gradient":""}},"footnotes":""},"class_list":["post-3704","page","type-page","status-publish","hentry"],"aioseo_notices":[],"_hostinger_reach_plugin_has_subscription_block":false,"_hostinger_reach_plugin_is_elementor":false,"uagb_featured_image_src":{"full":false,"thumbnail":false,"medium":false,"medium_large":false,"large":false,"1536x1536":false,"2048x2048":false,"trp-custom-language-flag":false,"woocommerce_thumbnail":false,"woocommerce_single":false,"woocommerce_gallery_thumbnail":false},"uagb_author_info":{"display_name":"Nick","author_link":"https:\/\/obdprofi.com\/es\/author\/vectorsx-ecomhotmail-com\/"},"uagb_comment_info":0,"uagb_excerpt":"This page provides comprehensive information about how we use cookies on our website to enhance your browsing experience, improve website performance, and deliver personalized content. Cookies are small text files that are stored on your device when you visit our site. They help us understand how visitors interact with our website, allowing us to offer&hellip;","_links":{"self":[{"href":"https:\/\/obdprofi.com\/es\/wp-json\/wp\/v2\/pages\/3704","targetHints":{"allow":["GET"]}}],"collection":[{"href":"https:\/\/obdprofi.com\/es\/wp-json\/wp\/v2\/pages"}],"about":[{"href":"https:\/\/obdprofi.com\/es\/wp-json\/wp\/v2\/types\/page"}],"author":[{"embeddable":true,"href":"https:\/\/obdprofi.com\/es\/wp-json\/wp\/v2\/users\/1"}],"replies":[{"embeddable":true,"href":"https:\/\/obdprofi.com\/es\/wp-json\/wp\/v2\/comments?post=3704"}],"version-history":[{"count":0,"href":"https:\/\/obdprofi.com\/es\/wp-json\/wp\/v2\/pages\/3704\/revisions"}],"wp:attachment":[{"href":"https:\/\/obdprofi.com\/es\/wp-json\/wp\/v2\/media?parent=3704"}],"curies":[{"name":"wp","href":"https:\/\/api.w.org\/{rel}","templated":true}]}}