{"id":3704,"date":"2026-03-23T14:11:08","date_gmt":"2026-03-23T14:11:08","guid":{"rendered":"https:\/\/obdprofi.com\/cookie-policy\/"},"modified":"2026-03-23T14:11:08","modified_gmt":"2026-03-23T14:11:08","slug":"cookie-policy","status":"publish","type":"page","link":"https:\/\/obdprofi.com\/fr\/cookie-policy\/","title":{"rendered":"Politique en mati\u00e8re de cookies"},"content":{"rendered":"<p>This page provides comprehensive information about how we use cookies on our website to enhance your browsing experience, improve website performance, and deliver personalized content. Cookies are small text files that are stored on your device when you visit our site. They help us understand how visitors interact with our website, allowing us to offer a smoother and more efficient user experience. In the table below, you will find detailed information about each type of cookie we use, their purpose, and how long they remain on your device. We are committed to respecting your privacy and providing transparency about the data we collect through cookies. For more information on how we handle your personal data, please see our <a href=\"https:\/\/obdprofi.com\/fr\/privacy-policy\/\">Privacy Policy.<\/a><\/p><div class=\"wpconsent-cookie-policy\"><h2 class=\"wpconsent-cookie-category-name\">Essentiel<\/h2><p class=\"wpconsent-cookie-category-description\">Les cookies essentiels permettent des fonctions de base et sont n\u00e9cessaires au bon fonctionnement du site web.<\/p><table class=\"wpconsent-cookie-policy-table\"><tr><th>Nom<\/th><th>Description<\/th><th>Dur\u00e9e de l'accord<\/th><\/tr><tr><td>wpconsent_preferences<\/td><td>This cookie is used to store the user&#039;s cookie consent preferences.<\/td><td>30 jours<\/td><\/tr><\/table><h3 class=\"wpconsent-cookie-service-name\">Commentaires<\/h3><p class=\"wpconsent-cookie-service-description\">Ces cookies sont n\u00e9cessaires pour ajouter des commentaires sur ce site web.<\/p><table class=\"wpconsent-cookie-policy-table\"><tr><th>Nom<\/th><th>Description<\/th><th>Dur\u00e9e de l'accord<\/th><\/tr><tr><td>auteur_du_commentaire<\/td><td>Utilis\u00e9 pour suivre l'utilisateur \u00e0 travers plusieurs sessions.<\/td><td>Session<\/td><\/tr><tr><td>email de l'auteur du commentaire<\/td><td>Utilis\u00e9 pour suivre l'utilisateur \u00e0 travers plusieurs sessions.<\/td><td>Session<\/td><\/tr><tr><td>commentaire_auteur_url<\/td><td>Utilis\u00e9 pour suivre l'utilisateur \u00e0 travers plusieurs sessions.<\/td><td>Session<\/td><\/tr><\/table><h2 class=\"wpconsent-cookie-category-name\">Statistiques<\/h2><p class=\"wpconsent-cookie-category-description\">Les cookies statistiques collectent des informations de mani\u00e8re anonyme. Ces informations nous aident \u00e0 comprendre comment les visiteurs utilisent notre site web.<\/p><h3 class=\"wpconsent-cookie-service-name\">WooCommerce Sourcebuster<\/h3><p class=\"wpconsent-cookie-service-description\">SourceBuster est utilis\u00e9 par WooCommerce pour l'attribution des commandes en fonction de la source de l'utilisateur.<\/p><table class=\"wpconsent-cookie-policy-table\"><tr><th>Nom<\/th><th>Description<\/th><th>Dur\u00e9e de l'accord<\/th><\/tr><tr><td>sbjs_session<\/td><td>Le nombre de pages vues dans cette session et le chemin d'acc\u00e8s \u00e0 la page actuelle<\/td><td>30 minutes<\/td><\/tr><tr><td>sbjs_udata<\/td><td>Informations sur l'agent utilisateur du visiteur, telles que l'adresse IP, le navigateur et le type d'appareil<\/td><td>session<\/td><\/tr><tr><td>sbjs_first<\/td><td>Informations sur l'origine du trafic lors de la premi\u00e8re visite du visiteur dans votre magasin (uniquement si le visiteur revient avant l'expiration de la session).<\/td><td>session<\/td><\/tr><tr><td>sbjs_current<\/td><td>Informations sur l'origine du trafic pour la visite actuelle du visiteur dans votre magasin<\/td><td>session<\/td><\/tr><tr><td>sbjs_first_add<\/td><td>Horodatage, URL de r\u00e9f\u00e9rence et page d'entr\u00e9e pour la premi\u00e8re visite de votre visiteur dans votre magasin (uniquement applicable si le visiteur revient avant l'expiration de la session).<\/td><td>session<\/td><\/tr><tr><td>sbjs_current_add<\/td><td>Horodatage, URL de r\u00e9f\u00e9rence et page d'entr\u00e9e pour la visite actuelle de votre visiteur dans votre magasin<\/td><td>session<\/td><\/tr><tr><td>sbjs_migrations<\/td><td>Donn\u00e9es techniques pour faciliter les migrations entre les diff\u00e9rentes versions du dispositif de suivi<\/td><td>session<\/td><\/tr><\/table><\/div>","protected":false},"excerpt":{"rendered":"<p>This page provides comprehensive information about how we use cookies on our website to enhance your browsing experience, improve website performance, and deliver personalized content. Cookies are small text files that are stored on your device when you visit our site. They help us understand how visitors interact with our website, allowing us to offer [&hellip;]<\/p>\n","protected":false},"author":1,"featured_media":0,"parent":0,"menu_order":0,"comment_status":"closed","ping_status":"closed","template":"","meta":{"_uag_custom_page_level_css":"","site-sidebar-layout":"default","site-content-layout":"","ast-site-content-layout":"default","site-content-style":"default","site-sidebar-style":"default","ast-global-header-display":"","ast-banner-title-visibility":"","ast-main-header-display":"","ast-hfb-above-header-display":"","ast-hfb-below-header-display":"","ast-hfb-mobile-header-display":"","site-post-title":"","ast-breadcrumbs-content":"","ast-featured-img":"","footer-sml-layout":"","ast-disable-related-posts":"","theme-transparent-header-meta":"","adv-header-id-meta":"","stick-header-meta":"","header-above-stick-meta":"","header-main-stick-meta":"","header-below-stick-meta":"","astra-migrate-meta-layouts":"default","ast-page-background-enabled":"default","ast-page-background-meta":{"desktop":{"background-color":"","background-image":"","background-repeat":"repeat","background-position":"center center","background-size":"auto","background-attachment":"scroll","background-type":"","background-media":"","overlay-type":"","overlay-color":"","overlay-opacity":"","overlay-gradient":""},"tablet":{"background-color":"","background-image":"","background-repeat":"repeat","background-position":"center center","background-size":"auto","background-attachment":"scroll","background-type":"","background-media":"","overlay-type":"","overlay-color":"","overlay-opacity":"","overlay-gradient":""},"mobile":{"background-color":"","background-image":"","background-repeat":"repeat","background-position":"center center","background-size":"auto","background-attachment":"scroll","background-type":"","background-media":"","overlay-type":"","overlay-color":"","overlay-opacity":"","overlay-gradient":""}},"ast-content-background-meta":{"desktop":{"background-color":"var(--ast-global-color-5)","background-image":"","background-repeat":"repeat","background-position":"center center","background-size":"auto","background-attachment":"scroll","background-type":"","background-media":"","overlay-type":"","overlay-color":"","overlay-opacity":"","overlay-gradient":""},"tablet":{"background-color":"var(--ast-global-color-5)","background-image":"","background-repeat":"repeat","background-position":"center center","background-size":"auto","background-attachment":"scroll","background-type":"","background-media":"","overlay-type":"","overlay-color":"","overlay-opacity":"","overlay-gradient":""},"mobile":{"background-color":"var(--ast-global-color-5)","background-image":"","background-repeat":"repeat","background-position":"center center","background-size":"auto","background-attachment":"scroll","background-type":"","background-media":"","overlay-type":"","overlay-color":"","overlay-opacity":"","overlay-gradient":""}},"footnotes":""},"class_list":["post-3704","page","type-page","status-publish","hentry"],"aioseo_notices":[],"_hostinger_reach_plugin_has_subscription_block":false,"_hostinger_reach_plugin_is_elementor":false,"uagb_featured_image_src":{"full":false,"thumbnail":false,"medium":false,"medium_large":false,"large":false,"1536x1536":false,"2048x2048":false,"trp-custom-language-flag":false,"woocommerce_thumbnail":false,"woocommerce_single":false,"woocommerce_gallery_thumbnail":false},"uagb_author_info":{"display_name":"Nick","author_link":"https:\/\/obdprofi.com\/fr\/author\/vectorsx-ecomhotmail-com\/"},"uagb_comment_info":0,"uagb_excerpt":"This page provides comprehensive information about how we use cookies on our website to enhance your browsing experience, improve website performance, and deliver personalized content. Cookies are small text files that are stored on your device when you visit our site. They help us understand how visitors interact with our website, allowing us to offer\u2026","_links":{"self":[{"href":"https:\/\/obdprofi.com\/fr\/wp-json\/wp\/v2\/pages\/3704","targetHints":{"allow":["GET"]}}],"collection":[{"href":"https:\/\/obdprofi.com\/fr\/wp-json\/wp\/v2\/pages"}],"about":[{"href":"https:\/\/obdprofi.com\/fr\/wp-json\/wp\/v2\/types\/page"}],"author":[{"embeddable":true,"href":"https:\/\/obdprofi.com\/fr\/wp-json\/wp\/v2\/users\/1"}],"replies":[{"embeddable":true,"href":"https:\/\/obdprofi.com\/fr\/wp-json\/wp\/v2\/comments?post=3704"}],"version-history":[{"count":0,"href":"https:\/\/obdprofi.com\/fr\/wp-json\/wp\/v2\/pages\/3704\/revisions"}],"wp:attachment":[{"href":"https:\/\/obdprofi.com\/fr\/wp-json\/wp\/v2\/media?parent=3704"}],"curies":[{"name":"wp","href":"https:\/\/api.w.org\/{rel}","templated":true}]}}