{"id":9,"date":"2026-03-17T10:41:49","date_gmt":"2026-03-17T10:41:49","guid":{"rendered":"http:\/\/obdprofi.com\/?page_id=9"},"modified":"2026-03-17T11:10:02","modified_gmt":"2026-03-17T11:10:02","slug":"rimborso_rimborsi","status":"publish","type":"page","link":"https:\/\/obdprofi.com\/it\/refund_returns\/","title":{"rendered":"Rimborso e restituzione"},"content":{"rendered":"<p><strong>Ultimo aggiornamento:<\/strong> 25.02.2026<\/p>\n\n\n\n<h4 class=\"wp-block-heading\">1. Diritto di recesso (periodo di riflessione di 14 giorni)<\/h4>\n\n\n\n<p>In conformit\u00e0 con i diritti dei consumatori dell'Unione Europea, i clienti residenti nell'Unione Europea hanno il diritto di recedere dal loro acquisto entro <strong>14 giorni<\/strong> senza fornire alcuna motivazione.<\/p>\n\n\n\n<ul class=\"wp-block-list\">\n<li><strong>Periodo:<\/strong> Il periodo di recesso scade 14 giorni dal giorno in cui il cliente (o un terzo da lui indicato) riceve il possesso fisico della merce.<\/li>\n\n\n\n<li><strong>Notifica:<\/strong> Per esercitare questo diritto, dovete informarci della vostra decisione via e-mail all'indirizzo <strong><a href=\"mailto:info@obdprofi.com\">info@obdprofi.com<\/a><\/strong>.<\/li>\n<\/ul>\n\n\n\n<h4 class=\"wp-block-heading\">2. Processo di restituzione ed etichette prepagate<\/h4>\n\n\n\n<p>Per semplificare la procedura di restituzione, mettiamo a disposizione un <strong>etichetta prepagata per la spedizione di ritorno<\/strong> per tutti i resi autorizzati.<\/p>\n\n\n\n<ul class=\"wp-block-list\">\n<li><strong>Fase 1:<\/strong> Contattateci all'indirizzo <strong><strong><a href=\"mailto:info@obdprofi.com\">info@obdprofi.com<\/a><\/strong><\/strong> con il numero d'ordine per richiedere un reso.<\/li>\n\n\n\n<li><strong>Fase 2:<\/strong> Una volta approvato, vi invieremo via e-mail un'etichetta di restituzione prepagata.<\/li>\n\n\n\n<li><strong>Fase 3:<\/strong> Stampate l'etichetta, attaccatela all'imballaggio originale e consegnatela al punto di consegna designato.<\/li>\n\n\n\n<li><strong>Importante:<\/strong> Non rispedire gli articoli all'indirizzo del \u201cmittente\u201d riportato sulla confezione originale. \u00c8 necessario utilizzare l'etichetta fornita da noi per garantire che il reso sia tracciato ed elaborato correttamente.<\/li>\n<\/ul>\n\n\n\n<h4 class=\"wp-block-heading\">3. Spese e detrazioni per la spedizione del reso<\/h4>\n\n\n\n<p>Il costo della restituzione dipende dal motivo della stessa:<\/p>\n\n\n\n<ul class=\"wp-block-list\">\n<li><strong>Articoli difettosi o non corretti:<\/strong> Se il prodotto \u00e8 difettoso, danneggiato al momento dell'arrivo o non corrisponde alla descrizione, la spedizione di ritorno \u00e8 <strong>completamente gratuito<\/strong>. Forniremo l'etichetta senza alcun costo ed emetteremo un rimborso completo (compresa la spedizione originale).<\/li>\n\n\n\n<li><strong>Cambio di idea (ritiro):<\/strong> Se si restituisce l'articolo perch\u00e9 si \u00e8 cambiato idea o non lo si vuole pi\u00f9:\n<ul class=\"wp-block-list\">\n<li>Per comodit\u00e0, vi forniremo l'etichetta di restituzione prepagata.<\/li>\n\n\n\n<li><strong>Il costo dell'etichetta per la spedizione di ritorno sar\u00e0 detratto dal rimborso finale.<\/strong><\/li>\n\n\n\n<li>Le spese di spedizione originali pagate al momento dell'acquisto non sono rimborsabili in caso di restituzione per \u201ccambio di idea\u201d.<\/li>\n<\/ul>\n<\/li>\n<\/ul>\n\n\n\n<h4 class=\"wp-block-heading\">4. Condizioni per la restituzione<\/h4>\n\n\n\n<p>Per avere diritto al rimborso, assicurarsi che:<\/p>\n\n\n\n<ul class=\"wp-block-list\">\n<li>La richiesta di restituzione va effettuata entro 14 giorni dalla consegna.<\/li>\n\n\n\n<li>La merce \u00e8 nella sua confezione originale e comprende tutti gli accessori\/manuali.<\/li>\n\n\n\n<li>I beni non sono stati utilizzati oltre quanto necessario per stabilirne la natura e il funzionamento.<\/li>\n\n\n\n<li><strong>Esclusioni:<\/strong> Il software sigillato, le chiavi di licenza digitali non sigillate\/attivate e i prodotti personalizzati non possono essere restituiti.<\/li>\n<\/ul>\n\n\n\n<h4 class=\"wp-block-heading\">5. Rimborsi<\/h4>\n\n\n\n<p>Una volta ricevuto e ispezionato l'articolo restituito:<\/p>\n\n\n\n<ul class=\"wp-block-list\">\n<li><strong>Approvazione:<\/strong> Vi comunicheremo via e-mail l'approvazione o il rifiuto del rimborso.<\/li>\n\n\n\n<li><strong>Elaborazione:<\/strong> I rimborsi approvati saranno accreditati sul metodo di pagamento originale entro 14 giorni.<\/li>\n\n\n\n<li><strong>Detrazioni:<\/strong> Come indicato nella sezione 3, per le restituzioni non difettose, il costo dell'etichetta di restituzione sar\u00e0 detratto dall'importo totale del rimborso. Ci riserviamo inoltre il diritto di ridurre il rimborso se la merce viene restituita danneggiata o presenta segni di utilizzo eccessivo.<\/li>\n<\/ul>\n\n\n\n<h4 class=\"wp-block-heading\">6. Articoli danneggiati o difettosi<\/h4>\n\n\n\n<p>Se l'ordine arriva danneggiato o non funziona correttamente:<\/p>\n\n\n\n<ol class=\"wp-block-list\">\n<li>Inviateci subito un'e-mail all'indirizzo <strong><strong><a href=\"mailto:info@obdprofi.com\">info@obdprofi.com<\/a><\/strong><\/strong> con foto del prodotto e della scatola di spedizione.<\/li>\n\n\n\n<li>Vi forniremo un'etichetta prepagata per la restituzione e vi offriremo una <strong>rimborso completo<\/strong> o un <strong>sostituzione<\/strong> senza costi aggiuntivi.<\/li>\n<\/ol>\n\n\n\n<h4 class=\"wp-block-heading\">7. Come avviare una restituzione<\/h4>\n\n\n\n<p>Per avviare un reso e ricevere l'etichetta di spedizione prepagata, seguire i seguenti passaggi:<\/p>\n\n\n\n<ol class=\"wp-block-list\">\n<li><strong>Inviare un'e-mail:<\/strong> Contattare il nostro team di assistenza all'indirizzo<strong> <strong><strong><a href=\"mailto:info@obdprofi.com\">info@obdprofi.com<\/a><\/strong><\/strong><\/strong>.<\/li>\n\n\n\n<li><strong>Includere il numero d'ordine:<\/strong> Indicate chiaramente il vostro <strong>Numero d'ordine<\/strong> nell'oggetto o nel corpo dell'e-mail.<\/li>\n\n\n\n<li><strong>Indicare il motivo:<\/strong> Descrivere brevemente il <strong>motivo della restituzione<\/strong> (ad esempio, \u201cCambiamento di idea\u201d, \u201cArticolo difettoso\u201d o \u201cProdotto non corretto ricevuto\u201d).<\/li>\n\n\n\n<li><strong>Ricevere l'etichetta:<\/strong> Una volta che il nostro team avr\u00e0 esaminato la vostra richiesta, vi invieremo via e-mail un'etichetta prepagata per la spedizione di ritorno e ulteriori istruzioni su come consegnare il pacco.<\/li>\n<\/ol>\n\n\n\n<p><strong>Si prega di notare:<\/strong> Non rispedire gli articoli all'indirizzo indicato sulla confezione di spedizione originale. \u00c8 necessario utilizzare l'etichetta ufficiale fornita dal nostro team per garantire che il reso sia tracciato ed elaborato per il rimborso.<\/p>","protected":false},"excerpt":{"rendered":"<p>Last updated: 25.02.2026 1. Right of Withdrawal (14-Day Cooling-Off Period) In accordance with EU Consumer Rights, customers residing in the European Union have the right to withdraw from their purchase within 14 days without giving any reason. 2. Return Process &amp; Pre-Paid Labels To simplify the return process, we provide a pre-paid return shipping label [&hellip;]<\/p>\n","protected":false},"author":1,"featured_media":0,"parent":0,"menu_order":0,"comment_status":"closed","ping_status":"closed","template":"","meta":{"_uag_custom_page_level_css":"","site-sidebar-layout":"default","site-content-layout":"","ast-site-content-layout":"default","site-content-style":"default","site-sidebar-style":"default","ast-global-header-display":"","ast-banner-title-visibility":"","ast-main-header-display":"","ast-hfb-above-header-display":"","ast-hfb-below-header-display":"","ast-hfb-mobile-header-display":"","site-post-title":"","ast-breadcrumbs-content":"","ast-featured-img":"","footer-sml-layout":"","ast-disable-related-posts":"","theme-transparent-header-meta":"","adv-header-id-meta":"","stick-header-meta":"","header-above-stick-meta":"","header-main-stick-meta":"","header-below-stick-meta":"","astra-migrate-meta-layouts":"set","ast-page-background-enabled":"default","ast-page-background-meta":{"desktop":{"background-color":"","background-image":"","background-repeat":"repeat","background-position":"center center","background-size":"auto","background-attachment":"scroll","background-type":"","background-media":"","overlay-type":"","overlay-color":"","overlay-opacity":"","overlay-gradient":""},"tablet":{"background-color":"","background-image":"","background-repeat":"repeat","background-position":"center center","background-size":"auto","background-attachment":"scroll","background-type":"","background-media":"","overlay-type":"","overlay-color":"","overlay-opacity":"","overlay-gradient":""},"mobile":{"background-color":"","background-image":"","background-repeat":"repeat","background-position":"center center","background-size":"auto","background-attachment":"scroll","background-type":"","background-media":"","overlay-type":"","overlay-color":"","overlay-opacity":"","overlay-gradient":""}},"ast-content-background-meta":{"desktop":{"background-color":"var(--ast-global-color-5)","background-image":"","background-repeat":"repeat","background-position":"center center","background-size":"auto","background-attachment":"scroll","background-type":"","background-media":"","overlay-type":"","overlay-color":"","overlay-opacity":"","overlay-gradient":""},"tablet":{"background-color":"var(--ast-global-color-5)","background-image":"","background-repeat":"repeat","background-position":"center center","background-size":"auto","background-attachment":"scroll","background-type":"","background-media":"","overlay-type":"","overlay-color":"","overlay-opacity":"","overlay-gradient":""},"mobile":{"background-color":"var(--ast-global-color-5)","background-image":"","background-repeat":"repeat","background-position":"center center","background-size":"auto","background-attachment":"scroll","background-type":"","background-media":"","overlay-type":"","overlay-color":"","overlay-opacity":"","overlay-gradient":""}},"footnotes":""},"class_list":["post-9","page","type-page","status-publish","hentry"],"aioseo_notices":[],"_hostinger_reach_plugin_has_subscription_block":false,"_hostinger_reach_plugin_is_elementor":false,"uagb_featured_image_src":{"full":false,"thumbnail":false,"medium":false,"medium_large":false,"large":false,"1536x1536":false,"2048x2048":false,"trp-custom-language-flag":false,"woocommerce_thumbnail":false,"woocommerce_single":false,"woocommerce_gallery_thumbnail":false},"uagb_author_info":{"display_name":"Nick","author_link":"https:\/\/obdprofi.com\/it\/author\/vectorsx-ecomhotmail-com\/"},"uagb_comment_info":0,"uagb_excerpt":"Last updated: 25.02.2026 1. Right of Withdrawal (14-Day Cooling-Off Period) In accordance with EU Consumer Rights, customers residing in the European Union have the right to withdraw from their purchase within 14 days without giving any reason. 2. Return Process &amp; Pre-Paid Labels To simplify the return process, we provide a pre-paid return shipping label&hellip;","_links":{"self":[{"href":"https:\/\/obdprofi.com\/it\/wp-json\/wp\/v2\/pages\/9","targetHints":{"allow":["GET"]}}],"collection":[{"href":"https:\/\/obdprofi.com\/it\/wp-json\/wp\/v2\/pages"}],"about":[{"href":"https:\/\/obdprofi.com\/it\/wp-json\/wp\/v2\/types\/page"}],"author":[{"embeddable":true,"href":"https:\/\/obdprofi.com\/it\/wp-json\/wp\/v2\/users\/1"}],"replies":[{"embeddable":true,"href":"https:\/\/obdprofi.com\/it\/wp-json\/wp\/v2\/comments?post=9"}],"version-history":[{"count":1,"href":"https:\/\/obdprofi.com\/it\/wp-json\/wp\/v2\/pages\/9\/revisions"}],"predecessor-version":[{"id":3634,"href":"https:\/\/obdprofi.com\/it\/wp-json\/wp\/v2\/pages\/9\/revisions\/3634"}],"wp:attachment":[{"href":"https:\/\/obdprofi.com\/it\/wp-json\/wp\/v2\/media?parent=9"}],"curies":[{"name":"wp","href":"https:\/\/api.w.org\/{rel}","templated":true}]}}