{"id":3704,"date":"2026-03-23T14:11:08","date_gmt":"2026-03-23T14:11:08","guid":{"rendered":"https:\/\/obdprofi.com\/cookie-policy\/"},"modified":"2026-03-23T14:11:08","modified_gmt":"2026-03-23T14:11:08","slug":"politica-privind-cookie-urile","status":"publish","type":"page","link":"https:\/\/obdprofi.com\/ro\/cookie-policy\/","title":{"rendered":"Politica privind cookie-urile"},"content":{"rendered":"<p>Aceast\u0103 pagin\u0103 ofer\u0103 informa\u021bii complete despre modul \u00een care utiliz\u0103m modulele cookie pe site-ul nostru pentru a v\u0103 \u00eembun\u0103t\u0103\u021bi experien\u021ba de navigare, pentru a \u00eembun\u0103t\u0103\u021bi performan\u021ba site-ului \u0219i pentru a oferi con\u021binut personalizat. Modulele cookie sunt fi\u0219iere text mici care sunt stocate pe dispozitivul dvs. atunci c\u00e2nd vizita\u021bi site-ul nostru. Acestea ne ajut\u0103 s\u0103 \u00een\u021belegem modul \u00een care vizitatorii interac\u021bioneaz\u0103 cu site-ul nostru, permi\u021b\u00e2ndu-ne s\u0103 oferim o experien\u021b\u0103 de utilizare mai fluent\u0103 \u0219i mai eficient\u0103. \u00cen tabelul de mai jos, ve\u021bi g\u0103si informa\u021bii detaliate despre fiecare tip de cookie pe care \u00eel folosim, scopul acestora \u0219i c\u00e2t timp r\u0103m\u00e2n pe dispozitivul dumneavoastr\u0103. Ne angaj\u0103m s\u0103 v\u0103 respect\u0103m confiden\u021bialitatea \u0219i s\u0103 oferim transparen\u021b\u0103 cu privire la datele pe care le colect\u0103m prin intermediul cookie-urilor. Pentru mai multe informa\u021bii despre modul \u00een care gestion\u0103m datele dvs. personale, v\u0103 rug\u0103m s\u0103 consulta\u021bi pagina noastr\u0103 <a href=\"https:\/\/obdprofi.com\/ro\/privacy-policy\/\">Politica de confiden\u021bialitate.<\/a><\/p><div class=\"wpconsent-cookie-policy\"><h2 class=\"wpconsent-cookie-category-name\">Esen\u021biale<\/h2><p class=\"wpconsent-cookie-category-description\">Modulele cookie esen\u021biale permit func\u021bii de baz\u0103 \u0219i sunt necesare pentru buna func\u021bionare a site-ului web.<\/p><table class=\"wpconsent-cookie-policy-table\"><tr><th>Nume \u0219i prenume<\/th><th>Descriere<\/th><th>Durat\u0103<\/th><\/tr><tr><td>wpconsent_preferences<\/td><td>Acest cookie este utilizat pentru a stoca preferin\u021bele utilizatorului privind consim\u021b\u0103m\u00e2ntul pentru cookie-uri.<\/td><td>30 de zile<\/td><\/tr><\/table><h3 class=\"wpconsent-cookie-service-name\">Observa\u021bii<\/h3><p class=\"wpconsent-cookie-service-description\">Aceste module cookie sunt necesare pentru ad\u0103ugarea de comentarii pe acest site.<\/p><table class=\"wpconsent-cookie-policy-table\"><tr><th>Nume \u0219i prenume<\/th><th>Descriere<\/th><th>Durat\u0103<\/th><\/tr><tr><td>comentariu_autor<\/td><td>Folosit pentru a urm\u0103ri utilizatorul pe parcursul mai multor sesiuni.<\/td><td>Sesiune<\/td><\/tr><tr><td>e-mail_autor_comentariu<\/td><td>Folosit pentru a urm\u0103ri utilizatorul pe parcursul mai multor sesiuni.<\/td><td>Sesiune<\/td><\/tr><tr><td>comment_author_url<\/td><td>Folosit pentru a urm\u0103ri utilizatorul pe parcursul mai multor sesiuni.<\/td><td>Sesiune<\/td><\/tr><\/table><h2 class=\"wpconsent-cookie-category-name\">Statistic\u0103<\/h2><p class=\"wpconsent-cookie-category-description\">Cookie-urile statistice colecteaz\u0103 informa\u021bii \u00een mod anonim. Aceste informa\u021bii ne ajut\u0103 s\u0103 \u00een\u021belegem modul \u00een care vizitatorii utilizeaz\u0103 site-ul nostru web.<\/p><h3 class=\"wpconsent-cookie-service-name\">WooCommerce Sourcebuster<\/h3><p class=\"wpconsent-cookie-service-description\">SourceBuster este utilizat de WooCommerce pentru atribuirea comenzilor pe baza sursei utilizatorului.<\/p><table class=\"wpconsent-cookie-policy-table\"><tr><th>Nume \u0219i prenume<\/th><th>Descriere<\/th><th>Durat\u0103<\/th><\/tr><tr><td>sbjs_session<\/td><td>Num\u0103rul de pagini vizualizate \u00een aceast\u0103 sesiune \u0219i calea curent\u0103 a paginii<\/td><td>30 de minute<\/td><\/tr><tr><td>sbjs_udata<\/td><td>Informa\u021bii despre agentul de utilizator al vizitatorului, cum ar fi IP, browserul \u0219i tipul de dispozitiv<\/td><td>sesiune<\/td><\/tr><tr><td>sbjs_first<\/td><td>Informa\u021bii privind originea traficului pentru prima vizit\u0103 a vizitatorului la magazinul dvs. (aplicabile numai dac\u0103 vizitatorul revine \u00eenainte de expirarea sesiunii)<\/td><td>sesiune<\/td><\/tr><tr><td>sbjs_current<\/td><td>Informa\u021bii privind originea traficului pentru vizita curent\u0103 a vizitatorului la magazinul dvs.<\/td><td>sesiune<\/td><\/tr><tr><td>sbjs_first_add<\/td><td>Timestamp, URL de referin\u021b\u0103 \u0219i pagina de intrare pentru prima vizit\u0103 a vizitatorului la magazinul dvs. (se aplic\u0103 numai dac\u0103 vizitatorul revine \u00eenainte de expirarea sesiunii)<\/td><td>sesiune<\/td><\/tr><tr><td>sbjs_current_add<\/td><td>Timestamp, URL de referin\u021b\u0103 \u0219i pagina de intrare pentru vizita curent\u0103 a vizitatorului \u00een magazinul dvs.<\/td><td>sesiune<\/td><\/tr><tr><td>sbjs_migrations<\/td><td>Date tehnice pentru a ajuta la migrarea \u00eentre diferite versiuni ale func\u021biei de urm\u0103rire<\/td><td>sesiune<\/td><\/tr><\/table><\/div>","protected":false},"excerpt":{"rendered":"<p>This page provides comprehensive information about how we use cookies on our website to enhance your browsing experience, improve website performance, and deliver personalized content. Cookies are small text files that are stored on your device when you visit our site. They help us understand how visitors interact with our website, allowing us to offer [&hellip;]<\/p>\n","protected":false},"author":1,"featured_media":0,"parent":0,"menu_order":0,"comment_status":"closed","ping_status":"closed","template":"","meta":{"_uag_custom_page_level_css":"","site-sidebar-layout":"default","site-content-layout":"","ast-site-content-layout":"default","site-content-style":"default","site-sidebar-style":"default","ast-global-header-display":"","ast-banner-title-visibility":"","ast-main-header-display":"","ast-hfb-above-header-display":"","ast-hfb-below-header-display":"","ast-hfb-mobile-header-display":"","site-post-title":"","ast-breadcrumbs-content":"","ast-featured-img":"","footer-sml-layout":"","ast-disable-related-posts":"","theme-transparent-header-meta":"","adv-header-id-meta":"","stick-header-meta":"","header-above-stick-meta":"","header-main-stick-meta":"","header-below-stick-meta":"","astra-migrate-meta-layouts":"default","ast-page-background-enabled":"default","ast-page-background-meta":{"desktop":{"background-color":"","background-image":"","background-repeat":"repeat","background-position":"center center","background-size":"auto","background-attachment":"scroll","background-type":"","background-media":"","overlay-type":"","overlay-color":"","overlay-opacity":"","overlay-gradient":""},"tablet":{"background-color":"","background-image":"","background-repeat":"repeat","background-position":"center center","background-size":"auto","background-attachment":"scroll","background-type":"","background-media":"","overlay-type":"","overlay-color":"","overlay-opacity":"","overlay-gradient":""},"mobile":{"background-color":"","background-image":"","background-repeat":"repeat","background-position":"center center","background-size":"auto","background-attachment":"scroll","background-type":"","background-media":"","overlay-type":"","overlay-color":"","overlay-opacity":"","overlay-gradient":""}},"ast-content-background-meta":{"desktop":{"background-color":"var(--ast-global-color-5)","background-image":"","background-repeat":"repeat","background-position":"center center","background-size":"auto","background-attachment":"scroll","background-type":"","background-media":"","overlay-type":"","overlay-color":"","overlay-opacity":"","overlay-gradient":""},"tablet":{"background-color":"var(--ast-global-color-5)","background-image":"","background-repeat":"repeat","background-position":"center center","background-size":"auto","background-attachment":"scroll","background-type":"","background-media":"","overlay-type":"","overlay-color":"","overlay-opacity":"","overlay-gradient":""},"mobile":{"background-color":"var(--ast-global-color-5)","background-image":"","background-repeat":"repeat","background-position":"center center","background-size":"auto","background-attachment":"scroll","background-type":"","background-media":"","overlay-type":"","overlay-color":"","overlay-opacity":"","overlay-gradient":""}},"footnotes":""},"class_list":["post-3704","page","type-page","status-publish","hentry"],"aioseo_notices":[],"_hostinger_reach_plugin_has_subscription_block":false,"_hostinger_reach_plugin_is_elementor":false,"uagb_featured_image_src":{"full":false,"thumbnail":false,"medium":false,"medium_large":false,"large":false,"1536x1536":false,"2048x2048":false,"trp-custom-language-flag":false,"woocommerce_thumbnail":false,"woocommerce_single":false,"woocommerce_gallery_thumbnail":false},"uagb_author_info":{"display_name":"Nick","author_link":"https:\/\/obdprofi.com\/ro\/author\/vectorsx-ecomhotmail-com\/"},"uagb_comment_info":0,"uagb_excerpt":"This page provides comprehensive information about how we use cookies on our website to enhance your browsing experience, improve website performance, and deliver personalized content. Cookies are small text files that are stored on your device when you visit our site. They help us understand how visitors interact with our website, allowing us to offer&hellip;","_links":{"self":[{"href":"https:\/\/obdprofi.com\/ro\/wp-json\/wp\/v2\/pages\/3704","targetHints":{"allow":["GET"]}}],"collection":[{"href":"https:\/\/obdprofi.com\/ro\/wp-json\/wp\/v2\/pages"}],"about":[{"href":"https:\/\/obdprofi.com\/ro\/wp-json\/wp\/v2\/types\/page"}],"author":[{"embeddable":true,"href":"https:\/\/obdprofi.com\/ro\/wp-json\/wp\/v2\/users\/1"}],"replies":[{"embeddable":true,"href":"https:\/\/obdprofi.com\/ro\/wp-json\/wp\/v2\/comments?post=3704"}],"version-history":[{"count":0,"href":"https:\/\/obdprofi.com\/ro\/wp-json\/wp\/v2\/pages\/3704\/revisions"}],"wp:attachment":[{"href":"https:\/\/obdprofi.com\/ro\/wp-json\/wp\/v2\/media?parent=3704"}],"curies":[{"name":"wp","href":"https:\/\/api.w.org\/{rel}","templated":true}]}}